{"id":1022,"date":"2024-09-13T10:29:18","date_gmt":"2024-09-13T15:29:18","guid":{"rendered":"https:\/\/castillograu.com\/?page_id=1022"},"modified":"2024-09-17T08:27:19","modified_gmt":"2024-09-17T13:27:19","slug":"derecho-regulatorio","status":"publish","type":"page","link":"https:\/\/castillograu.com\/en\/derecho-regulatorio\/","title":{"rendered":"Regulatory Law"},"content":{"rendered":"<div data-elementor-type=\"wp-page\" data-elementor-id=\"1022\" class=\"elementor elementor-1022\" data-elementor-post-type=\"page\">\n\t\t\t\t<div class=\"elementor-element elementor-element-5708206 animated-slow e-flex e-con-boxed elementor-invisible e-con e-parent\" data-id=\"5708206\" data-element_type=\"container\" data-settings=\"{&quot;background_background&quot;:&quot;classic&quot;,&quot;animation&quot;:&quot;fadeIn&quot;}\">\n\t\t\t\t\t<div class=\"e-con-inner\">\n\t\t\t\t<div class=\"elementor-element elementor-element-932bb6b elementor-invisible elementor-widget elementor-widget-image\" data-id=\"932bb6b\" data-element_type=\"widget\" data-settings=\"{&quot;_animation&quot;:&quot;fadeIn&quot;}\" data-widget_type=\"image.default\">\n\t\t\t\t<div class=\"elementor-widget-container\">\n\t\t\t\t\t\t\t\t\t\t\t\t\t\t\t<img fetchpriority=\"high\" decoding=\"async\" width=\"806\" height=\"392\" src=\"https:\/\/castillograu.com\/wp-content\/uploads\/2024\/05\/logo-sin-fondoRecurso-2-8.png\" class=\"attachment-full size-full wp-image-23\" alt=\"\" srcset=\"https:\/\/castillograu.com\/wp-content\/uploads\/2024\/05\/logo-sin-fondoRecurso-2-8.png 806w, https:\/\/castillograu.com\/wp-content\/uploads\/2024\/05\/logo-sin-fondoRecurso-2-8-300x146.png 300w, https:\/\/castillograu.com\/wp-content\/uploads\/2024\/05\/logo-sin-fondoRecurso-2-8-768x374.png 768w\" sizes=\"(max-width: 806px) 100vw, 806px\" \/>\t\t\t\t\t\t\t\t\t\t\t\t\t\t\t<\/div>\n\t\t\t\t<\/div>\n\t\t\t\t<div class=\"elementor-element elementor-element-39ababf elementor-widget-tablet__width-initial elementor-widget elementor-widget-heading\" data-id=\"39ababf\" data-element_type=\"widget\" data-widget_type=\"heading.default\">\n\t\t\t\t<div class=\"elementor-widget-container\">\n\t\t\t\t\t<h2 class=\"elementor-heading-title elementor-size-default\">Regulatory Law<\/h2>\t\t\t\t<\/div>\n\t\t\t\t<\/div>\n\t\t\t\t\t<\/div>\n\t\t\t\t<\/div>\n\t\t<div class=\"elementor-element elementor-element-3455586 e-flex e-con-boxed e-con e-parent\" data-id=\"3455586\" data-element_type=\"container\" data-settings=\"{&quot;background_background&quot;:&quot;classic&quot;}\">\n\t\t\t\t\t<div class=\"e-con-inner\">\n\t\t\t\t<div class=\"elementor-element elementor-element-3992e06 elementor-align-left elementor-icon-list--layout-traditional elementor-list-item-link-full_width elementor-widget elementor-widget-icon-list\" data-id=\"3992e06\" data-element_type=\"widget\" data-widget_type=\"icon-list.default\">\n\t\t\t\t<div class=\"elementor-widget-container\">\n\t\t\t\t\t\t\t<ul class=\"elementor-icon-list-items\">\n\t\t\t\t\t\t\t<li class=\"elementor-icon-list-item\">\n\t\t\t\t\t\t\t\t\t\t\t<span class=\"elementor-icon-list-icon\">\n\t\t\t\t\t\t\t<i aria-hidden=\"true\" class=\"icon icon-management\"><\/i>\t\t\t\t\t\t<\/span>\n\t\t\t\t\t\t\t\t\t\t<span class=\"elementor-icon-list-text\">Regulatory Law<\/span>\n\t\t\t\t\t\t\t\t\t<\/li>\n\t\t\t\t\t\t<\/ul>\n\t\t\t\t\t\t<\/div>\n\t\t\t\t<\/div>\n\t\t\t\t<div class=\"elementor-element elementor-element-7361d4f elementor-widget elementor-widget-text-editor\" data-id=\"7361d4f\" data-element_type=\"widget\" data-widget_type=\"text-editor.default\">\n\t\t\t\t<div class=\"elementor-widget-container\">\n\t\t\t\t\t\t\t\t\t<p>Regulatory law is a branch of law that deals with the rules and principles governing the activities of government agencies and their intervention in the economy and various areas of society. Its main objective is to establish a legal framework for the creation, implementation, and supervision of regulations by the state, with the aim of protecting the public interest, promoting fair competition, ensuring safety, and securing quality in different sectors.<\/p><p>In this field, CastilloGrau Abogados primarily offers regulatory law services related to obtaining permits and health registrations across all business sectors from the competent administrative authorities.<\/p>\t\t\t\t\t\t\t\t<\/div>\n\t\t\t\t<\/div>\n\t\t\t\t\t<\/div>\n\t\t\t\t<\/div>\n\t\t\t\t<\/div>","protected":false},"excerpt":{"rendered":"<p>Derecho Regulatorio Derecho Regulatorio El derecho regulatorio es una rama del derecho que se ocupa de las normas y principios que regulan la actividad de los organismos gubernamentales y su intervenci\u00f3n en la econom\u00eda y en diversas \u00e1reas de la sociedad. Su objetivo principal es establecer un marco legal para la creaci\u00f3n, implementaci\u00f3n y supervisi\u00f3n [&hellip;]<\/p>","protected":false},"author":1,"featured_media":0,"parent":0,"menu_order":0,"comment_status":"closed","ping_status":"closed","template":"elementor_header_footer","meta":{"_joinchat":[],"footnotes":""},"class_list":["post-1022","page","type-page","status-publish","hentry"],"_links":{"self":[{"href":"https:\/\/castillograu.com\/en\/wp-json\/wp\/v2\/pages\/1022","targetHints":{"allow":["GET"]}}],"collection":[{"href":"https:\/\/castillograu.com\/en\/wp-json\/wp\/v2\/pages"}],"about":[{"href":"https:\/\/castillograu.com\/en\/wp-json\/wp\/v2\/types\/page"}],"author":[{"embeddable":true,"href":"https:\/\/castillograu.com\/en\/wp-json\/wp\/v2\/users\/1"}],"replies":[{"embeddable":true,"href":"https:\/\/castillograu.com\/en\/wp-json\/wp\/v2\/comments?post=1022"}],"version-history":[{"count":0,"href":"https:\/\/castillograu.com\/en\/wp-json\/wp\/v2\/pages\/1022\/revisions"}],"wp:attachment":[{"href":"https:\/\/castillograu.com\/en\/wp-json\/wp\/v2\/media?parent=1022"}],"curies":[{"name":"wp","href":"https:\/\/api.w.org\/{rel}","templated":true}]}}